{"id":120,"date":"2018-05-04T08:47:57","date_gmt":"2018-05-04T08:47:57","guid":{"rendered":"https:\/\/eurofish.al\/?page_id=120"},"modified":"2018-05-04T09:04:18","modified_gmt":"2018-05-04T09:04:18","slug":"ligji","status":"publish","type":"page","link":"https:\/\/eurofish.al\/index.php\/ligji\/","title":{"rendered":"LIGJI"},"content":{"rendered":"<div class=\"wpb-content-wrapper\"><p>[vc_row css=&#8221;.vc_custom_1525423789599{margin-bottom: -50px !important;}&#8221;][vc_column][vc_column_text]<\/p>\n<h2 style=\"text-align: left;\"><strong>Legjislacioni p\u00ebr peshkimin<\/strong><\/h2>\n<p style=\"text-align: justify;\">Legjislacioni shqiptar n\u00eb fush\u00ebn e peshkimit \u00ebsht\u00eb bashk\u00ebkohor dhe bazohet mbi parimet e shfryt\u00ebzimit t\u00eb rezervave n\u00eb m\u00ebnyr\u00eb t\u00eb p\u00ebrgjegjshme dhe zhvillimin e sektorit t\u00eb peshkimit. Aktiviteti i peshkimit rregullohet nga\u00a0<a href=\"http:\/\/www.dfishery.gov.al\/LIGJI.pdf\" target=\"_blank\" rel=\"noopener\" data-saferedirecturl=\"https:\/\/www.google.com\/url?hl=en&amp;q=http:\/\/www.dfishery.gov.al\/LIGJI.pdf&amp;source=gmail&amp;ust=1525509616549000&amp;usg=AFQjCNFxIcfTtWuFis4Ixyzsi3NCtCVzjg\">Ligji 7908 date 5.4.1995<\/a>,&#8221;P\u00ebr Peshkimin dhe Akuakultur\u00ebn&#8221;,<a href=\"http:\/\/www.dfishery.gov.al\/Ligji%25208763.pdf\" target=\"_blank\" rel=\"noopener\" data-saferedirecturl=\"https:\/\/www.google.com\/url?hl=en&amp;q=http:\/\/www.dfishery.gov.al\/Ligji%2525208763.pdf&amp;source=gmail&amp;ust=1525509616549000&amp;usg=AFQjCNF4plo-3I6j2kUEA3TO37DWm16EXA\">\u00a0Ligji 8763 date 2.4.2001<\/a>\u00a0&#8220;P\u00ebr nj\u00eb shtes\u00eb n\u00eb Ligjin Nr 7908 dat\u00eb 05\/04\/1995 &#8220;P\u00ebr Peshkimin dhe Akuakultur\u00ebn&#8221;&#8221; si dhe\u00a0<a href=\"http:\/\/www.dfishery.gov.al\/Ligji%25208870.pdf\" target=\"_blank\" rel=\"noopener\" data-saferedirecturl=\"https:\/\/www.google.com\/url?hl=en&amp;q=http:\/\/www.dfishery.gov.al\/Ligji%2525208870.pdf&amp;source=gmail&amp;ust=1525509616549000&amp;usg=AFQjCNFXF4MXzheHj51H_rIVn5B1JhUZNw\">Ligji 8870 date 21.3.2002\u00a0<\/a>&#8220;P\u00ebr disa shtesa dhe ndryshime n\u00eb Ligjin 7908, dat\u00eb 5.4.1995 &#8220;P\u00ebr Peshkimin dhe Akuakulturen&#8221;&#8221; si dhe\u00a0<a href=\"http:\/\/www.dfishery.gov.al\/RREGULLORE%2520NR%25201.pdf\" target=\"_blank\" rel=\"noopener\" data-saferedirecturl=\"https:\/\/www.google.com\/url?hl=en&amp;q=http:\/\/www.dfishery.gov.al\/RREGULLORE%252520NR%2525201.pdf&amp;source=gmail&amp;ust=1525509616549000&amp;usg=AFQjCNHYciPOEIrVHzA9JCOI-AVzUBhAIw\">Rregulloren 1<\/a>dal\u00eb n\u00eb zbatim t\u00eb k\u00ebtij Ligji, q\u00eb kan\u00eb p\u00ebr q\u00ebllim vendosjen e rregullave t\u00eb qarta p\u00ebr:<\/p>\n<ul style=\"text-align: left;\">\n<li>shfryt\u00ebzimin racional dhe t\u00eb p\u00ebrgjegjsh\u00ebm t\u00eb resurseve biologjike ujor dhe akuakultur\u00ebs,<\/li>\n<li>administrimin n\u00eb sektoret e peshkimit dhe akuakultur\u00ebs,<\/li>\n<li>p\u00ebr t\u00eb siguruar masat e ruajtjes,<\/li>\n<li>p\u00ebr t\u00eb garantuar tutel\u00ebn e resurseve biologjike ujore,<\/li>\n<li>p\u00ebr t\u00eb siguruar nj\u00eb zhvillim t\u00eb q\u00ebndruesh\u00ebm t\u00eb sektorit t\u00eb peshkimit dhe akuakultur\u00ebs,<\/li>\n<li>p\u00ebr t\u00eb siguruar k\u00ebrkesat e konsumatorit, p\u00ebr nxitjen e k\u00ebrkimeve shkencore e teknologjike.<\/li>\n<\/ul>\n<p style=\"text-align: justify;\">Parimet e p\u00ebrgjithshme t\u00eb k\u00ebtij Legjislacioni mb\u00ebshteten n\u00eb \u201c Kodin e Drejtimit p\u00ebr nj\u00eb Peshkim t\u00eb P\u00ebrgjegjsh\u00ebm\u201c t\u00eb FAO. N\u00eb k\u00ebt\u00eb ligj gjejn\u00eb pasqyrimin e tyre funksionimi i organeve konsultative qendrore dhe lokale, k\u00ebrkimi shkencor, m\u00ebnyra e t\u00eb ushtruarit t\u00eb veprimtaris\u00eb s\u00eb peshkimit, m\u00ebnyra e t\u00eb ushtruarit t\u00eb akuakultur\u00ebs, m\u00ebnyra e administrimit t\u00eb lagunave dhe zonave t\u00eb tjera ujore e limitrofe, m\u00ebnyra e t\u00eb ushtruarit t\u00eb kontrollit, jan\u00eb pasqyruar qart\u00eb kundravajtjet, sanksionet dhe p\u00ebrgjegj\u00ebsit\u00eb.<sup>.<\/sup><\/p>\n<p style=\"text-align: left;\">Ky ligj p\u00ebrcakton gjithashtu, marr\u00ebdh\u00ebniet midis Shqip\u00ebris\u00eb dhe vendeve t\u00eb tjera p\u00ebr peshkimin dhe akuakultur\u00ebn n\u00ebp\u00ebrmjet lidhjes s\u00eb marr\u00ebveshjeve me k\u00ebto vende n\u00eb fush\u00ebn e peshkimit duke p\u00ebrcaktuar detyrimet e secil\u00ebs pal\u00eb, p\u00ebr t\u00eb garantuar respektimin e normave q\u00eb zbatohen n\u00eb peshkim n\u00eb Republik\u00ebn e Shqip\u00ebris\u00eb.<\/p>\n<p style=\"text-align: justify;\">Aktualisht jan\u00eb punuar disa p\u00ebrmir\u00ebsime t\u00eb k\u00ebtij legjislacioni me q\u00ebllim futjen e koncepteve t\u00eb reja t\u00eb bashk\u00eb-menaxhimit t\u00eb burimeve peshkore, menaxhimin e porteve dhe qendrave t\u00eb peshkimit nga ana e komunitetit si dhe ndarjen e p\u00ebrgjegj\u00ebsive midis administrat\u00ebs dhe komunitetit t\u00eb peshkimit. Propozimet e reja shkojn\u00eb n\u00eb drejtim t\u00eb organizimit t\u00eb ri t\u00eb \u201cShoqatave t\u00eb peshkimit dhe krijimit t\u00eb Organizatave t\u00eb Menaxhimit t\u00eb Peshkimit\u201d, detyra themelore e t\u00eb cilave do t\u00eb jet\u00eb menaxhimi i \u201cPorteve dhe Qendrave t\u00eb Peshkimit\u201d si dhe bashk\u00eb-menaxhimi i resurseve peshkore. K\u00ebto ndryshime jan\u00eb miratuar me Ligjin e ri 8870 date 21.3.2002 &#8220;P\u00ebr disa shtesa dhe ndryshime ne Ligjin 7908, dat\u00eb 5.4.1995 &#8220;P\u00ebr Peshkimin dhe Akuakultur\u00ebn&#8221;.<\/p>\n<p>[\/vc_column_text][\/vc_column][\/vc_row]<\/p>\n<\/div>","protected":false},"excerpt":{"rendered":"<p>[vc_row css=&#8221;.vc_custom_1525423789599{margin-bottom: -50px !important;}&#8221;][vc_column][vc_column_text] Legjislacioni p\u00ebr peshkimin Legjislacioni shqiptar n\u00eb fush\u00ebn e peshkimit \u00ebsht\u00eb bashk\u00ebkohor dhe bazohet mbi parimet e shfryt\u00ebzimit t\u00eb rezervave n\u00eb m\u00ebnyr\u00eb t\u00eb p\u00ebrgjegjshme dhe zhvillimin e sektorit t\u00eb peshkimit. Aktiviteti i peshkimit rregullohet nga\u00a0Ligji 7908 date 5.4.1995,&#8221;P\u00ebr Peshkimin dhe Akuakultur\u00ebn&#8221;,\u00a0Ligji 8763 date 2.4.2001\u00a0&#8220;P\u00ebr nj\u00eb shtes\u00eb n\u00eb Ligjin Nr 7908 dat\u00eb 05\/04\/1995&hellip;<\/p>\n","protected":false},"author":2,"featured_media":0,"parent":0,"menu_order":0,"comment_status":"closed","ping_status":"closed","template":"","meta":{"footnotes":""},"class_list":["post-120","page","type-page","status-publish","hentry","description-off"],"_links":{"self":[{"href":"https:\/\/eurofish.al\/index.php\/wp-json\/wp\/v2\/pages\/120","targetHints":{"allow":["GET"]}}],"collection":[{"href":"https:\/\/eurofish.al\/index.php\/wp-json\/wp\/v2\/pages"}],"about":[{"href":"https:\/\/eurofish.al\/index.php\/wp-json\/wp\/v2\/types\/page"}],"author":[{"embeddable":true,"href":"https:\/\/eurofish.al\/index.php\/wp-json\/wp\/v2\/users\/2"}],"replies":[{"embeddable":true,"href":"https:\/\/eurofish.al\/index.php\/wp-json\/wp\/v2\/comments?post=120"}],"version-history":[{"count":3,"href":"https:\/\/eurofish.al\/index.php\/wp-json\/wp\/v2\/pages\/120\/revisions"}],"predecessor-version":[{"id":134,"href":"https:\/\/eurofish.al\/index.php\/wp-json\/wp\/v2\/pages\/120\/revisions\/134"}],"wp:attachment":[{"href":"https:\/\/eurofish.al\/index.php\/wp-json\/wp\/v2\/media?parent=120"}],"curies":[{"name":"wp","href":"https:\/\/api.w.org\/{rel}","templated":true}]}}